{"id":353,"date":"2025-12-11T15:40:47","date_gmt":"2025-12-11T15:40:47","guid":{"rendered":"https:\/\/dnspielautomat.de\/?page_id=353"},"modified":"2025-12-11T15:53:01","modified_gmt":"2025-12-11T15:53:01","slug":"datenschutz-gizlilik-politikasi","status":"publish","type":"page","link":"https:\/\/dnspielautomat.de\/de\/datenschutz-gizlilik-politikasi\/","title":{"rendered":"Datenschutz \/ Privacy Policy"},"content":{"rendered":"<h2 class=\"wp-block-heading\">1. Verantwortlicher \/ Veri Sorumlusu<\/h2>\n\n\n\n<p><strong>(Almanca)<\/strong><br>Verantwortlich f\u00fcr die Verarbeitung personenbezogener Daten auf dieser Website ist:<\/p>\n\n\n\n<p>[Firmenname, z.B. DN Spielautomat]<br>Vertretungsberechtigte Person: <strong>Deniz Menguslu<\/strong><br>Adresse: [Bitte Anschrift einf\u00fcgen]<br>Telefon: <strong>+49 176 87960880<\/strong><br>E-Mail: <strong>info@dnspielautomat.de<\/strong><\/p>\n\n\n\n<p><strong>(T\u00fcrk\u00e7e)<\/strong><br>Bu web sitesinde i\u015flenen ki\u015fisel verilerden sorumlu ki\u015fi (veri sorumlusu):<\/p>\n\n\n\n<p>[Firma ad\u0131, \u00f6rn. DN Spielautomat]<br>Yetkili ki\u015fi: <strong>Deniz Menguslu<\/strong><br>Adres: [L\u00fctfen adresinizi buraya yaz\u0131n]<br>Telefon: <strong>+49 176 87960880<\/strong><br>E-posta: <strong>info@dnspielautomat.de<\/strong><\/p>\n\n\n\n<hr class=\"wp-block-separator has-alpha-channel-opacity\"\/>\n\n\n\n<h2 class=\"wp-block-heading\">2. Ki\u015fisel Verilerin Toplanmas\u0131 ve \u0130\u015flenmesi \/ Erhebung und Verarbeitung personenbezogener Daten<\/h2>\n\n\n\n<h3 class=\"wp-block-heading\">2.1 Beim Besuch der Website \/ Web sitesini ziyaret etti\u011finizde<\/h3>\n\n\n\n<p><strong>Almanca:<\/strong><br>Beim Aufruf unserer Website werden durch den auf Ihrem Endger\u00e4t zum Einsatz kommenden Browser automatisch Informationen an den Server unserer Website gesendet und in Logfiles gespeichert. Dabei k\u00f6nnen z.B. folgende Daten erhoben werden:<\/p>\n\n\n\n<ul class=\"wp-block-list\">\n<li>IP-Adresse des anfragenden Rechners<\/li>\n\n\n\n<li>Datum und Uhrzeit des Zugriffs<\/li>\n\n\n\n<li>Name und URL der abgerufenen Datei<\/li>\n\n\n\n<li>Website, von der aus der Zugriff erfolgt (Referrer-URL)<\/li>\n\n\n\n<li>verwendeter Browser und ggf. Betriebssystem<\/li>\n\n\n\n<li>Name Ihres Access-Providers<\/li>\n<\/ul>\n\n\n\n<p>Die Verarbeitung dieser Daten erfolgt zu folgenden Zwecken:<\/p>\n\n\n\n<ul class=\"wp-block-list\">\n<li>Gew\u00e4hrleistung eines reibungslosen Verbindungsaufbaus der Website<\/li>\n\n\n\n<li>Gew\u00e4hrleistung einer komfortablen Nutzung unserer Website<\/li>\n\n\n\n<li>Auswertung der Systemsicherheit und -stabilit\u00e4t<\/li>\n\n\n\n<li>weitere administrative Zwecke<\/li>\n<\/ul>\n\n\n\n<p>Rechtsgrundlage ist Art. 6 Abs. 1 lit. f DSGVO (berechtigtes Interesse).<\/p>\n\n\n\n<p><strong>T\u00fcrk\u00e7e:<\/strong><br>Web sitemizi ziyaret etti\u011finizde taray\u0131c\u0131n\u0131z, baz\u0131 bilgileri otomatik olarak sunucumuza iletir ve bu bilgiler log dosyalar\u0131nda ge\u00e7ici olarak saklan\u0131r. \u00d6rne\u011fin:<\/p>\n\n\n\n<ul class=\"wp-block-list\">\n<li>Talepte bulunan cihaz\u0131n IP adresi<\/li>\n\n\n\n<li>Eri\u015fim tarihi ve saati<\/li>\n\n\n\n<li>Eri\u015filen dosyan\u0131n ad\u0131 ve URL\u2019si<\/li>\n\n\n\n<li>Hangi web sitesinden y\u00f6nlendirildi\u011finiz (Referrer URL)<\/li>\n\n\n\n<li>Kulland\u0131\u011f\u0131n\u0131z taray\u0131c\u0131 ve i\u015fletim sistemi<\/li>\n\n\n\n<li>\u0130nternet servis sa\u011flay\u0131c\u0131n\u0131z\u0131n ad\u0131<\/li>\n<\/ul>\n\n\n\n<p>Bu veriler \u015fu ama\u00e7larla i\u015flenir:<\/p>\n\n\n\n<ul class=\"wp-block-list\">\n<li>Web sitesinin teknik olarak sorunsuz \u00e7al\u0131\u015fmas\u0131n\u0131n sa\u011flanmas\u0131<\/li>\n\n\n\n<li>Web sitesinin rahat ve g\u00fcvenli \u015fekilde kullan\u0131lmas\u0131n\u0131n sa\u011flanmas\u0131<\/li>\n\n\n\n<li>Sistem g\u00fcvenli\u011fi ve istikrar\u0131n\u0131n analiz edilmesi<\/li>\n\n\n\n<li>Di\u011fer idari ama\u00e7lar<\/li>\n<\/ul>\n\n\n\n<p>Bu i\u015flemenin hukuki dayana\u011f\u0131, <strong>me\u015fru menfaat<\/strong> (DSGVO madde 6\/1-f) kapsam\u0131ndad\u0131r.<\/p>\n\n\n\n<hr class=\"wp-block-separator has-alpha-channel-opacity\"\/>\n\n\n\n<h3 class=\"wp-block-heading\">2.2 Kontaktformular \/ \u0130leti\u015fim Formu<\/h3>\n\n\n\n<p><strong>Almanca:<\/strong><br>Wenn Sie unser Kontaktformular nutzen, werden \u2013 abh\u00e4ngig von den Formularfeldern \u2013 folgende personenbezogene Daten verarbeitet:<\/p>\n\n\n\n<ul class=\"wp-block-list\">\n<li>Name<\/li>\n\n\n\n<li>Name des Betriebs \/ Unternehmens<\/li>\n\n\n\n<li>Telefonnummer<\/li>\n\n\n\n<li>E-Mail-Adresse<\/li>\n\n\n\n<li>Ort \/ Stadt<\/li>\n\n\n\n<li>Ihre Nachricht<\/li>\n<\/ul>\n\n\n\n<p>Diese Daten werden ausschlie\u00dflich zur Bearbeitung Ihrer Anfrage und f\u00fcr eventuelle R\u00fcckfragen genutzt.<br>Rechtsgrundlage ist Art. 6 Abs. 1 lit. b DSGVO (Vertragsanbahnung) und Art. 6 Abs. 1 lit. f DSGVO (berechtigtes Interesse an der Beantwortung von Anfragen).<\/p>\n\n\n\n<p>Eine Weitergabe an Dritte erfolgt nicht, au\u00dfer wenn dies zur Bearbeitung Ihrer Anfrage erforderlich ist (z.B. technische Dienstleister\/Hosting-Provider).<\/p>\n\n\n\n<p><strong>T\u00fcrk\u00e7e:<\/strong><br>\u0130leti\u015fim formumuzu kulland\u0131\u011f\u0131n\u0131zda, form alanlar\u0131na g\u00f6re a\u015fa\u011f\u0131daki ki\u015fisel verileriniz i\u015flenebilir:<\/p>\n\n\n\n<ul class=\"wp-block-list\">\n<li>Ad\u0131n\u0131z<\/li>\n\n\n\n<li>\u0130\u015fletme \/ \u015firket ad\u0131n\u0131z<\/li>\n\n\n\n<li>Telefon numaran\u0131z<\/li>\n\n\n\n<li>E-posta adresiniz<\/li>\n\n\n\n<li>\u015eehir \/ lokasyon<\/li>\n\n\n\n<li>Mesaj\u0131n\u0131z<\/li>\n<\/ul>\n\n\n\n<p>Bu veriler yaln\u0131zca talebinizi de\u011ferlendirmek ve size geri d\u00f6n\u00fc\u015f sa\u011flamak amac\u0131yla kullan\u0131lmaktad\u0131r.<br>Hukuki dayanak, <strong>s\u00f6zle\u015fme \u00f6ncesi ileti\u015fim<\/strong> (DSGVO madde 6\/1-b) ve <strong>me\u015fru menfaat<\/strong>tir (DSGVO madde 6\/1-f).<\/p>\n\n\n\n<p>Verileriniz, talebinizin i\u015flenmesi i\u00e7in zorunlu olmad\u0131\u011f\u0131 s\u00fcrece \u00fc\u00e7\u00fcnc\u00fc ki\u015filere aktar\u0131lmaz (hosting sa\u011flay\u0131c\u0131lar\u0131 ve benzeri teknik hizmetler hari\u00e7).<\/p>\n\n\n\n<hr class=\"wp-block-separator has-alpha-channel-opacity\"\/>\n\n\n\n<h3 class=\"wp-block-heading\">2.3 Einsatz von Google Analytics \/ Google Analytics Kullan\u0131m\u0131<\/h3>\n\n\n\n<p><strong>Almanca:<\/strong><br>Auf unserer Website verwenden wir <strong>Google Analytics<\/strong>, einen Webanalysedienst der Google Ireland Limited (Google Building Gordon House, Barrow St, Dublin 4, Irland; \u201eGoogle\u201c).<\/p>\n\n\n\n<p>Google Analytics verwendet Cookies, die eine Analyse der Benutzung der Website durch Sie erm\u00f6glichen. Die durch das Cookie erzeugten Informationen \u00fcber Ihre Nutzung dieser Website werden in der Regel an einen Server der Google LLC in den USA \u00fcbertragen und dort gespeichert. Wir nutzen Google Analytics mit aktivierter IP-Anonymisierung, sodass Ihre IP-Adresse innerhalb der EU bzw. des EWR gek\u00fcrzt wird.<\/p>\n\n\n\n<p>Die Datenverarbeitung erfolgt auf Grundlage Ihrer <strong>Einwilligung<\/strong> gem\u00e4\u00df Art. 6 Abs. 1 lit. a DSGVO, die Sie \u00fcber unser Cookie-Banner erteilen. Sie k\u00f6nnen Ihre Einwilligung jederzeit mit Wirkung f\u00fcr die Zukunft widerrufen, indem Sie Ihre Cookie-Einstellungen \u00e4ndern oder die entsprechenden Cookies l\u00f6schen.<\/p>\n\n\n\n<p>Es kann nicht ausgeschlossen werden, dass Daten in die USA \u00fcbertragen werden. F\u00fcr die USA besteht derzeit kein gleichwertiges Datenschutzniveau wie in der EU. Google kann unter Umst\u00e4nden verpflichtet sein, Daten an Sicherheitsbeh\u00f6rden herauszugeben. Wir schlie\u00dfen \u2013 soweit m\u00f6glich \u2013 mit Google entsprechende Vertr\u00e4ge auf Basis der EU-Standardvertragsklauseln.<\/p>\n\n\n\n<p>Weitere Informationen zur Datenverarbeitung durch Google finden Sie in der Datenschutzerkl\u00e4rung von Google.<\/p>\n\n\n\n<p><strong>T\u00fcrk\u00e7e:<\/strong><br>Web sitemizde, Google Ireland Limited (\u201cGoogle\u201d) taraf\u0131ndan sunulan bir web analiz hizmeti olan <strong>Google Analytics<\/strong> kullan\u0131lmaktad\u0131r.<\/p>\n\n\n\n<p>Google Analytics, web sitesini kullan\u0131m \u015feklinizi analiz edebilmek i\u00e7in \u00e7erezler kullan\u0131r. \u00c7erez taraf\u0131ndan olu\u015fturulan bilgiler (\u00f6rn. ziyaret etti\u011finiz sayfalar, IP adresiniz, taray\u0131c\u0131 t\u00fcr\u00fc) genellikle Google LLC\u2019nin ABD\u2019de bulunan sunucular\u0131na aktar\u0131l\u0131r ve orada saklan\u0131r. IP anonimle\u015ftirme \u00f6zelli\u011fi etkin oldu\u011fu i\u00e7in, IP adresiniz AB veya AEA i\u00e7inde k\u0131salt\u0131lmaktad\u0131r.<\/p>\n\n\n\n<p>Bu i\u015flem, \u00e7erez banner\u2019\u0131 \u00fczerinden verdi\u011finiz <strong>a\u00e7\u0131k r\u0131zaya<\/strong> dayanmaktad\u0131r (DSGVO madde 6\/1-a). \u00c7erez ayarlar\u0131n\u0131z\u0131 de\u011fi\u015ftirerek veya ilgili \u00e7erezleri silerek bu r\u0131zay\u0131 diledi\u011finiz zaman gelece\u011fe y\u00f6nelik olarak geri \u00e7ekebilirsiniz.<\/p>\n\n\n\n<p>Verilerinizin ABD\u2019ye aktar\u0131lmas\u0131 s\u00f6z konusu olabilir. ABD\u2019deki veri koruma seviyesi, AB ile ayn\u0131 d\u00fczeyde olmayabilir ve belirli durumlarda Google, verileri g\u00fcvenlik kurumlar\u0131na iletmek zorunda kalabilir. M\u00fcmk\u00fcn oldu\u011funda Google ile <strong>AB standart s\u00f6zle\u015fme maddelerine<\/strong> dayal\u0131 anla\u015fmalar yap\u0131lmaktad\u0131r.<\/p>\n\n\n\n<p>Google\u2019\u0131n veri i\u015fleme politikalar\u0131 hakk\u0131nda daha fazla bilgiyi Google\u2019\u0131n kendi gizlilik politikas\u0131nda bulabilirsiniz.<\/p>\n\n\n\n<hr class=\"wp-block-separator has-alpha-channel-opacity\"\/>\n\n\n\n<h3 class=\"wp-block-heading\">2.4 Einsatz des Meta Pixel (Facebook Pixel) \/ Meta Pixel Kullan\u0131m\u0131<\/h3>\n\n\n\n<p><strong>Almanca:<\/strong><br>Wir verwenden auf unserer Website das <strong>Meta Pixel<\/strong> des sozialen Netzwerks Facebook (Meta Platforms Ireland Limited, 4 Grand Canal Square, Grand Canal Harbour, Dublin 2, Irland).<\/p>\n\n\n\n<p>Mit Hilfe des Meta Pixels kann das Verhalten von Nutzern nachverfolgt werden, nachdem diese eine Facebook- oder Instagram-Werbeanzeige gesehen oder angeklickt haben und anschlie\u00dfend auf unsere Website weitergeleitet wurden. Dadurch k\u00f6nnen wir die Wirksamkeit unserer Werbeanzeigen f\u00fcr statistische und Marktforschungszwecke auswerten und unsere Werbung optimieren.<\/p>\n\n\n\n<p>Die Verwendung des Meta Pixels erfolgt auf Grundlage Ihrer <strong>Einwilligung<\/strong> nach Art. 6 Abs. 1 lit. a DSGVO, die Sie \u00fcber unser Cookie-Banner erteilen. Sie k\u00f6nnen Ihre Einwilligung jederzeit mit Wirkung f\u00fcr die Zukunft widerrufen, indem Sie Ihre Cookie-Einstellungen \u00e4ndern.<\/p>\n\n\n\n<p>Meta kann die erhobenen Daten mit Ihrem Facebook- oder Instagram-Konto verkn\u00fcpfen und f\u00fcr eigene Werbezwecke gem\u00e4\u00df der Datenrichtlinie von Meta verwenden. Dabei kann es auch zu einer \u00dcbermittlung von Daten in die USA kommen. Auch hier gelten die Hinweise zu einem m\u00f6glichen niedrigeren Datenschutzniveau und zu den EU-Standardvertragsklauseln.<\/p>\n\n\n\n<p><strong>T\u00fcrk\u00e7e:<\/strong><br>Web sitemizde, Facebook ve Instagram reklamlar\u0131n\u0131n \u00f6l\u00e7\u00fcm\u00fc ve optimizasyonu i\u00e7in <strong>Meta Pixel<\/strong> kullan\u0131lmaktad\u0131r (Meta Platforms Ireland Limited).<\/p>\n\n\n\n<p>Meta Pixel sayesinde, bir Facebook veya Instagram reklam\u0131m\u0131z\u0131 g\u00f6rd\u00fckten ya da t\u0131klad\u0131ktan sonra web sitemize gelen kullan\u0131c\u0131lar\u0131n davran\u0131\u015flar\u0131n\u0131 istatistiksel olarak analiz edebiliyoruz. B\u00f6ylece reklamlar\u0131m\u0131z\u0131n ne kadar etkili oldu\u011funu \u00f6l\u00e7\u00fcp, hedeflemeyi geli\u015ftirebiliyoruz.<\/p>\n\n\n\n<p>Meta Pixel kullan\u0131m\u0131, \u00e7erez banner\u2019\u0131 \u00fczerinden verdi\u011finiz <strong>a\u00e7\u0131k r\u0131zaya<\/strong> dayanmaktad\u0131r (DSGVO madde 6\/1-a). \u00c7erez tercihlerinizi de\u011fi\u015ftirerek bu r\u0131zay\u0131 istedi\u011finiz zaman ileriye d\u00f6n\u00fck olarak geri \u00e7ekebilirsiniz.<\/p>\n\n\n\n<p>Meta, toplanan verileri kendi ama\u00e7lar\u0131 i\u00e7in de kullanabilir ve Facebook veya Instagram hesab\u0131n\u0131zla ili\u015fkilendirebilir. Bu kapsamda, verilerinizin ABD\u2019ye aktar\u0131lmas\u0131 da s\u00f6z konusu olabilir. ABD\u2019deki veri koruma seviyesi AB\u2019ye g\u00f6re daha d\u00fc\u015f\u00fck olabilir; bu nedenle Meta ile m\u00fcmk\u00fcn oldu\u011funda <strong>AB standart s\u00f6zle\u015fme maddelerine<\/strong> dayal\u0131 d\u00fczenlemeler yap\u0131lmaktad\u0131r.<\/p>\n\n\n\n<p>Meta\u2019n\u0131n veri i\u015fleme politikalar\u0131 hakk\u0131nda ayr\u0131nt\u0131l\u0131 bilgiyi Meta\u2019n\u0131n kendi veri politikas\u0131nda bulabilirsiniz.<\/p>\n\n\n\n<hr class=\"wp-block-separator has-alpha-channel-opacity\"\/>\n\n\n\n<h2 class=\"wp-block-heading\">3. Speicherdauer \/ Saklama S\u00fcresi<\/h2>\n\n\n\n<p><strong>Almanca:<\/strong><br>Wir speichern personenbezogene Daten nur so lange, wie dies zur Erf\u00fcllung der jeweiligen Zwecke erforderlich ist oder wie es gesetzliche Aufbewahrungsfristen vorsehen. Anschlie\u00dfend werden die Daten gel\u00f6scht oder anonymisiert.<\/p>\n\n\n\n<p><strong>T\u00fcrk\u00e7e:<\/strong><br>Ki\u015fisel verileriniz, yukar\u0131da belirtilen ama\u00e7lar i\u00e7in gerekli oldu\u011fu s\u00fcrece veya yasal saklama s\u00fcreleri boyunca saklan\u0131r. Bu s\u00fcreler doldu\u011funda verileriniz silinir veya anonim hale getirilir.<\/p>\n\n\n\n<hr class=\"wp-block-separator has-alpha-channel-opacity\"\/>\n\n\n\n<h2 class=\"wp-block-heading\">4. Weitergabe von Daten \/ Verilerin \u00dc\u00e7\u00fcnc\u00fc Ki\u015filere Aktar\u0131m\u0131<\/h2>\n\n\n\n<p><strong>Almanca:<\/strong><br>Eine \u00dcbermittlung Ihrer personenbezogenen Daten an Dritte findet grunds\u00e4tzlich nur statt, wenn:<\/p>\n\n\n\n<ul class=\"wp-block-list\">\n<li>Sie ausdr\u00fccklich eingewilligt haben (Art. 6 Abs. 1 lit. a DSGVO),<\/li>\n\n\n\n<li>die Verarbeitung zur Durchf\u00fchrung eines Vertrags erforderlich ist (Art. 6 Abs. 1 lit. b DSGVO),<\/li>\n\n\n\n<li>eine gesetzliche Verpflichtung besteht (Art. 6 Abs. 1 lit. c DSGVO) oder<\/li>\n\n\n\n<li>ein berechtigtes Interesse unsererseits besteht und keine \u00fcberwiegenden schutzw\u00fcrdigen Interessen Ihrerseits entgegenstehen (Art. 6 Abs. 1 lit. f DSGVO).<\/li>\n<\/ul>\n\n\n\n<p><strong>T\u00fcrk\u00e7e:<\/strong><br>Ki\u015fisel verileriniz, a\u015fa\u011f\u0131daki durumlar d\u0131\u015f\u0131nda \u00fc\u00e7\u00fcnc\u00fc ki\u015filere aktar\u0131lmaz:<\/p>\n\n\n\n<ul class=\"wp-block-list\">\n<li>A\u00e7\u0131k r\u0131za vermi\u015f olman\u0131z,<\/li>\n\n\n\n<li>S\u00f6zle\u015fmenin kurulmas\u0131 veya ifas\u0131 i\u00e7in zorunlu olmas\u0131,<\/li>\n\n\n\n<li>Hukuki y\u00fck\u00fcml\u00fcl\u00fcklerin yerine getirilmesi i\u00e7in gerekli olmas\u0131,<\/li>\n\n\n\n<li>Me\u015fru menfaatimizin gerektirdi\u011fi ve sizin temel hak ve \u00f6zg\u00fcrl\u00fcklerinize a\u011f\u0131r basmad\u0131\u011f\u0131 durumlar.<\/li>\n<\/ul>\n\n\n\n<hr class=\"wp-block-separator has-alpha-channel-opacity\"\/>\n\n\n\n<h2 class=\"wp-block-heading\">5. Ihre Rechte \/ Haklar\u0131n\u0131z<\/h2>\n\n\n\n<p><strong>Almanca:<\/strong><br>Sie haben gegen\u00fcber dem Verantwortlichen folgende Rechte:<\/p>\n\n\n\n<ul class=\"wp-block-list\">\n<li>Recht auf Auskunft (Art. 15 DSGVO)<\/li>\n\n\n\n<li>Recht auf Berichtigung (Art. 16 DSGVO)<\/li>\n\n\n\n<li>Recht auf L\u00f6schung (Art. 17 DSGVO)<\/li>\n\n\n\n<li>Recht auf Einschr\u00e4nkung der Verarbeitung (Art. 18 DSGVO)<\/li>\n\n\n\n<li>Recht auf Daten\u00fcbertragbarkeit (Art. 20 DSGVO)<\/li>\n\n\n\n<li>Recht auf Widerspruch (Art. 21 DSGVO)<\/li>\n\n\n\n<li>Recht auf Beschwerde bei einer Aufsichtsbeh\u00f6rde (Art. 77 DSGVO)<\/li>\n<\/ul>\n\n\n\n<p>Zur Aus\u00fcbung dieser Rechte k\u00f6nnen Sie uns jederzeit unter <strong>info@dnspielautomat.de<\/strong> kontaktieren.<\/p>\n\n\n\n<p><strong>T\u00fcrk\u00e7e:<\/strong><br>Veri sorumlusuna kar\u015f\u0131 a\u015fa\u011f\u0131daki haklara sahipsiniz:<\/p>\n\n\n\n<ul class=\"wp-block-list\">\n<li>Hakk\u0131n\u0131zda hangi verilerin i\u015flendi\u011fine dair <strong>bilgi talep etme hakk\u0131<\/strong>,<\/li>\n\n\n\n<li>Yanl\u0131\u015f veya eksik verilerin <strong>d\u00fczeltilmesini talep etme hakk\u0131<\/strong>,<\/li>\n\n\n\n<li>Gerekli \u015fartlar olu\u015ftu\u011funda verilerinizin <strong>silinmesini talep etme hakk\u0131<\/strong>,<\/li>\n\n\n\n<li>Verilerinizin i\u015flenmesinin <strong>k\u0131s\u0131tlanmas\u0131n\u0131 talep etme hakk\u0131<\/strong>,<\/li>\n\n\n\n<li>Verilerinizin ba\u015fka bir veri sorumlusuna <strong>aktar\u0131lmas\u0131n\u0131 talep etme hakk\u0131<\/strong>,<\/li>\n\n\n\n<li>Me\u015fru menfaate dayal\u0131 i\u015flemlere kar\u015f\u0131 <strong>itiraz etme hakk\u0131<\/strong>,<\/li>\n\n\n\n<li>Yetkili veri koruma otoritesine <strong>\u015fik\u00e2yette bulunma hakk\u0131<\/strong>.<\/li>\n<\/ul>\n\n\n\n<p>Bu haklar\u0131n\u0131z\u0131 kullanmak i\u00e7in bizimle <strong>info@dnspielautomat.de<\/strong> adresi \u00fczerinden ileti\u015fime ge\u00e7ebilirsiniz.<\/p>\n\n\n\n<hr class=\"wp-block-separator has-alpha-channel-opacity\"\/>\n\n\n\n<h2 class=\"wp-block-heading\">6. Datensicherheit \/ Veri G\u00fcvenli\u011fi<\/h2>\n\n\n\n<p><strong>Almanca:<\/strong><br>Wir verwenden geeignete technische und organisatorische Sicherheitsma\u00dfnahmen, um Ihre Daten gegen Verlust, Zerst\u00f6rung, Manipulation oder unbefugten Zugriff zu sch\u00fctzen.<\/p>\n\n\n\n<p><strong>T\u00fcrk\u00e7e:<\/strong><br>Verilerinizin kay\u0131p, yok olma, de\u011fi\u015ftirilme veya yetkisiz eri\u015fime kar\u015f\u0131 korunmas\u0131 i\u00e7in uygun teknik ve organizasyonel g\u00fcvenlik \u00f6nlemleri kullanmaktay\u0131z.<\/p>\n\n\n\n<hr class=\"wp-block-separator has-alpha-channel-opacity\"\/>\n\n\n\n<h2 class=\"wp-block-heading\">7. \u00c4nderungen dieser Datenschutzerkl\u00e4rung \/ Gizlilik Politikas\u0131nda De\u011fi\u015fiklikler<\/h2>\n\n\n\n<p><strong>Almanca:<\/strong><br>Wir behalten uns vor, diese Datenschutzerkl\u00e4rung anzupassen, damit sie stets den aktuellen rechtlichen Anforderungen entspricht oder um \u00c4nderungen unserer Leistungen abzubilden.<\/p>\n\n\n\n<p><strong>T\u00fcrk\u00e7e:<\/strong><br>Yasal gerekliliklerde veya sundu\u011fumuz hizmetlerde de\u011fi\u015fiklik olmas\u0131 durumunda bu gizlilik politikas\u0131n\u0131 g\u00fcncelleyebiliriz. G\u00fcncel s\u00fcr\u00fcm her zaman web sitemizde yay\u0131mlanacakt\u0131r.<\/p>\n\n    <div class=\"xs_social_share_widget xs_share_url after_content \t\tmain_content  wslu-style-1 wslu-share-box-shaped wslu-fill-colored wslu-none wslu-share-horizontal wslu-theme-font-no wslu-main_content\">\n\n\t\t\n        <ul>\n\t\t\t        <\/ul>\n    <\/div>","protected":false},"excerpt":{"rendered":"<p>1. Verantwortlicher \/ Veri Sorumlusu (Almanca)Verantwortlich f\u00fcr die Verarbeitung personenbezogener Daten auf dieser Website ist: [Firmenname, z.B. DN Spielautomat]Vertretungsberechtigte Person: Deniz MengusluAdresse: [Bitte Anschrift einf\u00fcgen]Telefon: +49 176 87960880E-Mail: info@dnspielautomat.de (T\u00fcrk\u00e7e)Bu web sitesinde i\u015flenen ki\u015fisel verilerden sorumlu ki\u015fi (veri sorumlusu): [Firma ad\u0131, \u00f6rn. DN Spielautomat]Yetkili ki\u015fi: Deniz MengusluAdres: [L\u00fctfen adresinizi buraya yaz\u0131n]Telefon: +49 176 87960880E-posta: info@dnspielautomat.de [&hellip;]<\/p>","protected":false},"author":1,"featured_media":0,"parent":0,"menu_order":0,"comment_status":"closed","ping_status":"closed","template":"","meta":{"postBodyCss":"","postBodyMargin":[],"postBodyPadding":[],"postBodyBackground":{"backgroundType":"classic","gradient":""},"footnotes":""},"class_list":["post-353","page","type-page","status-publish","hentry"],"_links":{"self":[{"href":"https:\/\/dnspielautomat.de\/de\/wp-json\/wp\/v2\/pages\/353","targetHints":{"allow":["GET"]}}],"collection":[{"href":"https:\/\/dnspielautomat.de\/de\/wp-json\/wp\/v2\/pages"}],"about":[{"href":"https:\/\/dnspielautomat.de\/de\/wp-json\/wp\/v2\/types\/page"}],"author":[{"embeddable":true,"href":"https:\/\/dnspielautomat.de\/de\/wp-json\/wp\/v2\/users\/1"}],"replies":[{"embeddable":true,"href":"https:\/\/dnspielautomat.de\/de\/wp-json\/wp\/v2\/comments?post=353"}],"version-history":[{"count":2,"href":"https:\/\/dnspielautomat.de\/de\/wp-json\/wp\/v2\/pages\/353\/revisions"}],"predecessor-version":[{"id":363,"href":"https:\/\/dnspielautomat.de\/de\/wp-json\/wp\/v2\/pages\/353\/revisions\/363"}],"wp:attachment":[{"href":"https:\/\/dnspielautomat.de\/de\/wp-json\/wp\/v2\/media?parent=353"}],"curies":[{"name":"wp","href":"https:\/\/api.w.org\/{rel}","templated":true}]}}